{"id":20,"date":"2024-11-13T14:40:09","date_gmt":"2024-11-13T07:40:09","guid":{"rendered":"https:\/\/beta.senemotion.com\/?page_id=20"},"modified":"2024-12-06T15:40:20","modified_gmt":"2024-12-06T08:40:20","slug":"lien-he","status":"publish","type":"page","link":"https:\/\/beta.senemotion.com\/index.php\/lien-he\/","title":{"rendered":"Li\u00ean h\u1ec7"},"content":{"rendered":"\n<div class=\"wp-block-group alignfull has-global-padding is-layout-constrained wp-block-group-is-layout-constrained\">\n<div class=\"wp-block-cover alignfull has-custom-content-position is-position-bottom-center\" style=\"margin-top:0;margin-bottom:0;padding-top:var(--wp--preset--spacing--50);padding-right:var(--wp--preset--spacing--50);padding-bottom:var(--wp--preset--spacing--50);padding-left:var(--wp--preset--spacing--50);min-height:300px;aspect-ratio:unset;\"><span aria-hidden=\"true\" class=\"wp-block-cover__background has-background-dim-70 has-background-dim wp-block-cover__gradient-background has-background-gradient has-custom-color-4-gradient-background\"><\/span><img loading=\"lazy\" decoding=\"async\" width=\"1920\" height=\"1080\" class=\"wp-block-cover__image-background wp-image-374\" alt=\"\" src=\"https:\/\/beta.senemotion.com\/wp-content\/uploads\/2024\/11\/contact.jpg\" data-object-fit=\"cover\" srcset=\"https:\/\/beta.senemotion.com\/wp-content\/uploads\/2024\/11\/contact.jpg 1920w, https:\/\/beta.senemotion.com\/wp-content\/uploads\/2024\/11\/contact-300x169.jpg 300w, https:\/\/beta.senemotion.com\/wp-content\/uploads\/2024\/11\/contact-1024x576.jpg 1024w, https:\/\/beta.senemotion.com\/wp-content\/uploads\/2024\/11\/contact-768x432.jpg 768w, https:\/\/beta.senemotion.com\/wp-content\/uploads\/2024\/11\/contact-1536x864.jpg 1536w\" sizes=\"auto, (max-width: 1920px) 100vw, 1920px\" \/><div class=\"wp-block-cover__inner-container is-layout-flow wp-container-core-cover-is-layout-e0cebd0f wp-block-cover-is-layout-flow\">\n<div class=\"wp-block-group alignwide has-global-padding is-layout-constrained wp-container-core-group-is-layout-6dc64873 wp-block-group-is-layout-constrained\" style=\"box-shadow:none\">\n<h2 class=\"wp-block-heading has-text-align-left is-style-text-display is-style-text-display--1\">Li\u00ean h\u1ec7<\/h2>\n<\/div>\n<\/div><\/div>\n<\/div>\n\n\n\n<div class=\"wp-block-group alignfull has-global-padding is-layout-constrained wp-container-core-group-is-layout-f77f1af6 wp-block-group-is-layout-constrained\" style=\"margin-top:0;margin-bottom:0\">\n<div class=\"wp-block-columns alignwide is-layout-flex wp-container-core-columns-is-layout-143da4ba wp-block-columns-is-layout-flex\" style=\"margin-top:0px;margin-bottom:0px;padding-top:60px;padding-right:0px;padding-bottom:60px;padding-left:0px\">\n<div class=\"wp-block-column is-layout-flow wp-block-column-is-layout-flow\">\n<h3 class=\"wp-block-heading is-style-text-display is-style-text-display--2\" style=\"margin-top:0rem;margin-bottom:2.5rem;text-transform:none\">Th\u00f4ng tin<\/h3>\n\n\n\n<div class=\"wp-block-group is-vertical is-layout-flex wp-container-core-group-is-layout-98bb686d wp-block-group-is-layout-flex\">\n<h4 class=\"wp-block-heading has-medium-font-size\" style=\"font-style:normal;font-weight:500;text-transform:uppercase\">Hotline<\/h4>\n\n\n\n<p class=\"has-medium-font-size\">(+84) 917 997 372<\/p>\n<\/div>\n\n\n\n<div style=\"height:10px\" aria-hidden=\"true\" class=\"wp-block-spacer\"><\/div>\n\n\n\n<div class=\"wp-block-group is-vertical is-layout-flex wp-container-core-group-is-layout-98bb686d wp-block-group-is-layout-flex\">\n<h4 class=\"wp-block-heading\" style=\"font-style:normal;font-weight:500;text-transform:uppercase\">EMAIL<\/h4>\n\n\n\n<p class=\"has-medium-font-size\">info@newcenturycorp.vn<\/p>\n<\/div>\n\n\n\n<div style=\"height:10px\" aria-hidden=\"true\" class=\"wp-block-spacer\"><\/div>\n\n\n\n<div class=\"wp-block-group is-vertical is-layout-flex wp-container-core-group-is-layout-98bb686d wp-block-group-is-layout-flex\">\n<h4 class=\"wp-block-heading is-style-default\" style=\"font-style:normal;font-weight:500;text-transform:uppercase\">\u0110\u1ecaA CH\u1ec8<\/h4>\n\n\n\n<p class=\"has-medium-font-size\"><em>Tr\u1ee5 s\u1edf<\/em>: 215H18 Nguy\u1ec5n V\u0103n H\u01b0\u1edfng, Ph\u01b0\u1eddng Th\u1ea3o \u0110i\u1ec1n, Th\u00e0nh ph\u1ed1 Th\u1ee7 \u0110\u1ee9c, Th\u00e0nh ph\u1ed1 H\u1ed3 Ch\u00ed Minh &#8211; <a href=\"https:\/\/maps.app.goo.gl\/JfaiC3TjDbRBYJHa7\" target=\"_blank\" rel=\"noreferrer noopener\">XEM B\u1ea2N \u0110\u1ed2<\/a><\/p>\n\n\n\n<p class=\"has-medium-font-size\"><em>V\u0103n ph\u00f2ng \u0111\u1ea1i di\u1ec7n mi\u1ec1n B\u1eafc<\/em>: T\u1ea7ng 8, Daeha Business Center, 360 Kim M\u00e3, Qu\u1eadn Ba \u0110\u00ecnh, Th\u00e0nh ph\u1ed1 H\u00e0 N\u1ed9i &#8211; <a href=\"https:\/\/maps.app.goo.gl\/3ehtbXG6ZzqGCzTZA\" target=\"_blank\" rel=\"noreferrer noopener\">XEM B\u1ea2N \u0110\u1ed2<\/a><\/p>\n<\/div>\n\n\n\n<div style=\"height:10px\" aria-hidden=\"true\" class=\"wp-block-spacer\"><\/div>\n\n\n\n<div class=\"wp-block-group has-large-font-size is-vertical is-layout-flex wp-container-core-group-is-layout-c8b9dc1c wp-block-group-is-layout-flex\">\n<h4 class=\"wp-block-heading\" style=\"font-style:normal;font-weight:500;text-transform:uppercase\">theo d\u00f5i ch\u00fang t\u00f4i<\/h4>\n\n\n\n<ul class=\"wp-block-social-links has-normal-icon-size has-visible-labels has-icon-color is-style-logos-only is-content-justification-left is-nowrap is-layout-flex wp-container-core-social-links-is-layout-fc9f69e7 wp-block-social-links-is-layout-flex\"><li style=\"color:#ba8013;\" class=\"wp-social-link wp-social-link-facebook  wp-block-social-link\"><a rel=\"noopener nofollow\" target=\"_blank\" href=\"https:\/\/www.facebook.com\/newcenturycorp\" class=\"wp-block-social-link-anchor\"><svg width=\"24\" height=\"24\" viewBox=\"0 0 24 24\" version=\"1.1\" xmlns=\"http:\/\/www.w3.org\/2000\/svg\" aria-hidden=\"true\" focusable=\"false\"><path d=\"M12 2C6.5 2 2 6.5 2 12c0 5 3.7 9.1 8.4 9.9v-7H7.9V12h2.5V9.8c0-2.5 1.5-3.9 3.8-3.9 1.1 0 2.2.2 2.2.2v2.5h-1.3c-1.2 0-1.6.8-1.6 1.6V12h2.8l-.4 2.9h-2.3v7C18.3 21.1 22 17 22 12c0-5.5-4.5-10-10-10z\"><\/path><\/svg><span class=\"wp-block-social-link-label\">Facebook<\/span><\/a><\/li>\n\n<li style=\"color:#ba8013;\" class=\"wp-social-link wp-social-link-linkedin  wp-block-social-link\"><a rel=\"noopener nofollow\" target=\"_blank\" href=\"https:\/\/www.linkedin.com\/company\/newcenturycorp\" class=\"wp-block-social-link-anchor\"><svg width=\"24\" height=\"24\" viewBox=\"0 0 24 24\" version=\"1.1\" xmlns=\"http:\/\/www.w3.org\/2000\/svg\" aria-hidden=\"true\" focusable=\"false\"><path d=\"M19.7,3H4.3C3.582,3,3,3.582,3,4.3v15.4C3,20.418,3.582,21,4.3,21h15.4c0.718,0,1.3-0.582,1.3-1.3V4.3 C21,3.582,20.418,3,19.7,3z M8.339,18.338H5.667v-8.59h2.672V18.338z M7.004,8.574c-0.857,0-1.549-0.694-1.549-1.548 c0-0.855,0.691-1.548,1.549-1.548c0.854,0,1.547,0.694,1.547,1.548C8.551,7.881,7.858,8.574,7.004,8.574z M18.339,18.338h-2.669 v-4.177c0-0.996-0.017-2.278-1.387-2.278c-1.389,0-1.601,1.086-1.601,2.206v4.249h-2.667v-8.59h2.559v1.174h0.037 c0.356-0.675,1.227-1.387,2.526-1.387c2.703,0,3.203,1.779,3.203,4.092V18.338z\"><\/path><\/svg><span class=\"wp-block-social-link-label\">LinkedIn<\/span><\/a><\/li><\/ul>\n<\/div>\n<\/div>\n\n\n\n<div class=\"wp-block-column is-layout-flow wp-block-column-is-layout-flow\">\n<h3 class=\"wp-block-heading is-style-text-display is-style-text-display--3\" style=\"margin-top:0rem;margin-bottom:2.5rem;text-transform:none\">\u0110\u1ec3 l\u1ea1i l\u1eddi nh\u1eafn<\/h3>\n\n\n\n<div class=\"wp-block-columns is-layout-flex wp-container-core-columns-is-layout-28f84493 wp-block-columns-is-layout-flex\">\n<div class=\"wp-block-column is-layout-flow wp-block-column-is-layout-flow\" style=\"flex-basis:100%\"><style id=\"wpforms-css-vars-root\">\n\t\t\t\t:root {\n\t\t\t\t\t--wpforms-field-border-radius: 3px;\n--wpforms-field-border-style: solid;\n--wpforms-field-border-size: 1px;\n--wpforms-field-background-color: #ffffff;\n--wpforms-field-border-color: rgba( 0, 0, 0, 0.25 );\n--wpforms-field-border-color-spare: rgba( 0, 0, 0, 0.25 );\n--wpforms-field-text-color: rgba( 0, 0, 0, 0.7 );\n--wpforms-field-menu-color: #ffffff;\n--wpforms-label-color: rgba( 0, 0, 0, 0.85 );\n--wpforms-label-sublabel-color: rgba( 0, 0, 0, 0.55 );\n--wpforms-label-error-color: #d63637;\n--wpforms-button-border-radius: 3px;\n--wpforms-button-border-style: none;\n--wpforms-button-border-size: 1px;\n--wpforms-button-background-color: #066aab;\n--wpforms-button-border-color: #066aab;\n--wpforms-button-text-color: #ffffff;\n--wpforms-page-break-color: #066aab;\n--wpforms-background-image: none;\n--wpforms-background-position: center center;\n--wpforms-background-repeat: no-repeat;\n--wpforms-background-size: cover;\n--wpforms-background-width: 100px;\n--wpforms-background-height: 100px;\n--wpforms-background-color: rgba( 0, 0, 0, 0 );\n--wpforms-background-url: none;\n--wpforms-container-padding: 0px;\n--wpforms-container-border-style: none;\n--wpforms-container-border-width: 1px;\n--wpforms-container-border-color: #000000;\n--wpforms-container-border-radius: 3px;\n--wpforms-field-size-input-height: 43px;\n--wpforms-field-size-input-spacing: 15px;\n--wpforms-field-size-font-size: 16px;\n--wpforms-field-size-line-height: 19px;\n--wpforms-field-size-padding-h: 14px;\n--wpforms-field-size-checkbox-size: 16px;\n--wpforms-field-size-sublabel-spacing: 5px;\n--wpforms-field-size-icon-size: 1;\n--wpforms-label-size-font-size: 16px;\n--wpforms-label-size-line-height: 19px;\n--wpforms-label-size-sublabel-font-size: 14px;\n--wpforms-label-size-sublabel-line-height: 17px;\n--wpforms-button-size-font-size: 17px;\n--wpforms-button-size-height: 41px;\n--wpforms-button-size-padding-h: 15px;\n--wpforms-button-size-margin-top: 10px;\n--wpforms-container-shadow-size-box-shadow: none;\n\n\t\t\t\t}\n\t\t\t<\/style><style id=\"wpforms-css-vars-370-block-c76f3226-2ab7-4cc5-a7dd-742d64fe97be\">\n\t\t\t\t#wpforms-370.wpforms-block-c76f3226-2ab7-4cc5-a7dd-742d64fe97be {\n\t\t\t\t\t--wpforms-label-color: #404040;\n--wpforms-field-border-radius: 6px;\n--wpforms-field-border-color: #61564e4d;\n--wpforms-field-border-color-spare: #61564e4d;\n--wpforms-field-text-color: #686868;\n--wpforms-button-border-radius: 6px;\n--wpforms-button-background-color: #efc475;\n--wpforms-button-text-color: #5c3f09;\n--wpforms-field-size-input-height: 43px;\n--wpforms-field-size-input-spacing: 15px;\n--wpforms-field-size-font-size: 16px;\n--wpforms-field-size-line-height: 19px;\n--wpforms-field-size-padding-h: 14px;\n--wpforms-field-size-checkbox-size: 16px;\n--wpforms-field-size-sublabel-spacing: 5px;\n--wpforms-field-size-icon-size: 1;\n--wpforms-label-size-font-size: 16px;\n--wpforms-label-size-line-height: 19px;\n--wpforms-label-size-sublabel-font-size: 14px;\n--wpforms-label-size-sublabel-line-height: 17px;\n--wpforms-button-size-font-size: 17px;\n--wpforms-button-size-height: 41px;\n--wpforms-button-size-padding-h: 15px;\n--wpforms-button-size-margin-top: 10px;\n\n\t\t\t\t}\n\t\t\t<\/style><div class=\"wpforms-container wpforms-container-full wpforms-block wpforms-block-c76f3226-2ab7-4cc5-a7dd-742d64fe97be wpforms-render-modern\" id=\"wpforms-370\"><form id=\"wpforms-form-370\" class=\"wpforms-validate wpforms-form wpforms-ajax-form\" data-formid=\"370\" method=\"post\" enctype=\"multipart\/form-data\" action=\"\/index.php\/wp-json\/wp\/v2\/pages\/20\" data-token=\"37c8d52f640f9bdd0200fd32eaad5d8a\" data-token-time=\"1776013021\"><noscript class=\"wpforms-error-noscript\">Please enable JavaScript in your browser to complete this form.<\/noscript><div class=\"wpforms-hidden\" id=\"wpforms-error-noscript\">Please enable JavaScript in your browser to complete this form.<\/div><div class=\"wpforms-field-container\"><div id=\"wpforms-370-field_1-container\" class=\"wpforms-field wpforms-field-name\" data-field-id=\"1\"><label class=\"wpforms-field-label\" for=\"wpforms-370-field_1\">H\u1ecd &amp; T\u00ean <span class=\"wpforms-required-label\" aria-hidden=\"true\">*<\/span><\/label><input type=\"text\" id=\"wpforms-370-field_1\" class=\"wpforms-field-large wpforms-field-required\" name=\"wpforms[fields][1]\" placeholder=\"Vui l\u00f2ng nh\u1eadp H\u1ecd &amp; T\u00ean\" aria-errormessage=\"wpforms-370-field_1-error\" required><\/div><div id=\"wpforms-370-field_2-container\" class=\"wpforms-field wpforms-field-email\" data-field-id=\"2\"><label class=\"wpforms-field-label\" for=\"wpforms-370-field_2\">\u0110\u1ecba ch\u1ec9 Email <span class=\"wpforms-required-label\" aria-hidden=\"true\">*<\/span><\/label><input type=\"email\" id=\"wpforms-370-field_2\" class=\"wpforms-field-large wpforms-field-required\" name=\"wpforms[fields][2]\" placeholder=\"Vui l\u00f2ng nh\u1eadp Email \u0111\u1ec3 nh\u1eadn ph\u1ea3n h\u1ed3i t\u1eeb ch\u00fang t\u00f4i\" spellcheck=\"false\" aria-errormessage=\"wpforms-370-field_2-error\" required><\/div><div id=\"wpforms-370-field_4-container\" class=\"wpforms-field wpforms-field-number\" data-field-id=\"4\"><label class=\"wpforms-field-label\" for=\"wpforms-370-field_4\">S\u1ed1 \u0111i\u1ec7n tho\u1ea1i<\/label><input type=\"number\" id=\"wpforms-370-field_4\" class=\"wpforms-field-large\" name=\"wpforms[fields][4]\" placeholder=\"Vui l\u00f2ng nh\u1eadp s\u1ed1 \u0111i\u1ec7n tho\u1ea1i \u0111\u1ec3 nh\u1eadn cu\u1ed9c g\u1ecdi ph\u1ea3n h\u1ed3i \/ t\u01b0 v\u1ea5n\" aria-errormessage=\"wpforms-370-field_4-error\" ><\/div><div id=\"wpforms-370-field_3-container\" class=\"wpforms-field wpforms-field-textarea\" data-field-id=\"3\"><label class=\"wpforms-field-label\" for=\"wpforms-370-field_3\">N\u1ed9i dung \/ L\u1eddi nh\u1eafn <span class=\"wpforms-required-label\" aria-hidden=\"true\">*<\/span><\/label><textarea id=\"wpforms-370-field_3\" class=\"wpforms-field-small wpforms-field-required wpforms-limit-words-enabled\" data-form-id=\"370\" data-field-id=\"3\" data-text-limit=\"1000\" name=\"wpforms[fields][3]\" placeholder=\"Vui l\u00f2ng nh\u1eadp n\u1ed9i dung b\u1ea1n mu\u1ed1n li\u00ean h\u1ec7 v\u1edbi ch\u00fang t\u00f4i\" aria-errormessage=\"wpforms-370-field_3-error\" required><\/textarea><\/div><\/div><!-- .wpforms-field-container --><div class=\"wpforms-submit-container\" ><input type=\"hidden\" name=\"wpforms[id]\" value=\"370\"><input type=\"hidden\" name=\"page_title\" value=\"\"><input type=\"hidden\" name=\"page_url\" value=\"https:\/\/beta.senemotion.com\/index.php\/wp-json\/wp\/v2\/pages\/20\"><button type=\"submit\" name=\"wpforms[submit]\" id=\"wpforms-submit-370\" class=\"wpforms-submit\" data-alt-text=\"\u0110ang g\u1eedi...\" data-submit-text=\"G\u1eecI TIN\" aria-live=\"assertive\" value=\"wpforms-submit\">G\u1eecI TIN<\/button><img loading=\"lazy\" decoding=\"async\" src=\"https:\/\/beta.senemotion.com\/wp-content\/plugins\/wpforms-lite\/assets\/images\/submit-spin.svg\" class=\"wpforms-submit-spinner\" style=\"display: none;\" width=\"26\" height=\"26\" alt=\"Loading\"><\/div><\/form><\/div>  <!-- .wpforms-container --><\/div>\n<\/div>\n<\/div>\n<\/div>\n<\/div>\n","protected":false},"excerpt":{"rendered":"<p>Th\u00f4ng tin Hotline (+84) 917 997 372 EMAIL info@newcenturycorp.vn \u0110\u1ecaA CH\u1ec8 Tr\u1ee5 s\u1edf: 215H18 Nguy\u1ec5n V\u0103n H\u01b0\u1edfng, Ph\u01b0\u1eddng Th\u1ea3o \u0110i\u1ec1n, Th\u00e0nh ph\u1ed1 Th\u1ee7 \u0110\u1ee9c, Th\u00e0nh ph\u1ed1 H\u1ed3 Ch\u00ed Minh &#8211; XEM B\u1ea2N \u0110\u1ed2 V\u0103n ph\u00f2ng \u0111\u1ea1i di\u1ec7n mi\u1ec1n B\u1eafc: T\u1ea7ng 8, Daeha Business Center, 360 Kim M\u00e3, Qu\u1eadn Ba \u0110\u00ecnh, Th\u00e0nh ph\u1ed1 H\u00e0 N\u1ed9i &#8211; [&hellip;]<\/p>\n","protected":false},"author":1,"featured_media":0,"parent":0,"menu_order":0,"comment_status":"closed","ping_status":"closed","template":"page-no-title","meta":{"footnotes":""},"class_list":["post-20","page","type-page","status-publish","hentry"],"aioseo_notices":[],"_links":{"self":[{"href":"https:\/\/beta.senemotion.com\/index.php\/wp-json\/wp\/v2\/pages\/20","targetHints":{"allow":["GET"]}}],"collection":[{"href":"https:\/\/beta.senemotion.com\/index.php\/wp-json\/wp\/v2\/pages"}],"about":[{"href":"https:\/\/beta.senemotion.com\/index.php\/wp-json\/wp\/v2\/types\/page"}],"author":[{"embeddable":true,"href":"https:\/\/beta.senemotion.com\/index.php\/wp-json\/wp\/v2\/users\/1"}],"replies":[{"embeddable":true,"href":"https:\/\/beta.senemotion.com\/index.php\/wp-json\/wp\/v2\/comments?post=20"}],"version-history":[{"count":20,"href":"https:\/\/beta.senemotion.com\/index.php\/wp-json\/wp\/v2\/pages\/20\/revisions"}],"predecessor-version":[{"id":630,"href":"https:\/\/beta.senemotion.com\/index.php\/wp-json\/wp\/v2\/pages\/20\/revisions\/630"}],"wp:attachment":[{"href":"https:\/\/beta.senemotion.com\/index.php\/wp-json\/wp\/v2\/media?parent=20"}],"curies":[{"name":"wp","href":"https:\/\/api.w.org\/{rel}","templated":true}]}}